{"id":14,"date":"2013-09-08T11:01:25","date_gmt":"2013-09-08T09:01:25","guid":{"rendered":"http:\/\/moeve-schmelz.de\/?page_id=14"},"modified":"2024-08-30T13:24:15","modified_gmt":"2024-08-30T12:24:15","slug":"anti-doping","status":"publish","type":"page","link":"https:\/\/moeve-schmelz.de\/?page_id=14","title":{"rendered":"ANTI-DOPING"},"content":{"rendered":"<p><strong><span style=\"color: #cc0033; font-size: x-large;\">Anti-Doping Bekenntnis des RV M\u00f6ve Schmelz<\/span><\/strong><\/p>\n<p>Nachwuchsf\u00f6rderung, Rennsport und Breitensport sind die S\u00e4ulen des RV M\u00f6ve Schmelz.<\/p>\n<p>Neben der sportlichen F\u00f6rderung unserer Athleten ist aber auch die charakterliche Festigung und das Vorleben und Vermitteln sportethischer Prinzipien ein sehr wichtiger Grundsatz unseres Vereins.<\/p>\n<p>Fair Play und ein klares Bekenntnis gegen Doping sind notwendige und unabdingbare Voraussetzungen f\u00fcr unseren Sport. Dies m\u00f6chten wir unseren Mitgliedern, Eltern, Sponsoren und F\u00f6rderern zeigen und vorleben.<\/p>\n<p>Deshalb lehnen wir, der RV M\u00f6ve Schmelz, Doping, aber auch die unkritische Einnahme von Nahrungserg\u00e4nzungsmitteln und anderen leistungsf\u00f6rdernden Substanzen strikt ab.<\/p>\n<p>Auch die passive Unterst\u00fctzung von Doping durch Duldung widerspricht den ethischen Grunds\u00e4tzen und Zielen unseres Strebens, n\u00e4mlich die Gesundheit zu erhalten und zu f\u00f6rdern.<br \/>\nWir bitten alle, die unseren Verein und den Radsport f\u00f6rdern, uns bei der Bew\u00e4ltigung dieser wichtigen Aufgabe zu unterst\u00fctzen.<\/p>\n<p>Der Vorstand<\/p>\n<p><em><span style=\"color: #3366ff;\">RV M\u00f6ve Schmelz<\/span><\/em><\/p>\n","protected":false},"excerpt":{"rendered":"<p>Anti-Doping Bekenntnis des RV M\u00f6ve Schmelz Nachwuchsf\u00f6rderung, Rennsport und Breitensport sind die S\u00e4ulen des RV M\u00f6ve Schmelz. Neben der sportlichen F\u00f6rderung unserer Athleten ist aber auch die charakterliche Festigung und das Vorleben und Vermitteln sportethischer Prinzipien ein sehr wichtiger Grundsatz &hellip; <a href=\"https:\/\/moeve-schmelz.de\/?page_id=14\">Weiterlesen <span class=\"meta-nav\">&rarr;<\/span><\/a><\/p>\n","protected":false},"author":1,"featured_media":0,"parent":0,"menu_order":11,"comment_status":"closed","ping_status":"closed","template":"","meta":{"footnotes":""},"class_list":["post-14","page","type-page","status-publish","hentry"],"_links":{"self":[{"href":"https:\/\/moeve-schmelz.de\/index.php?rest_route=\/wp\/v2\/pages\/14","targetHints":{"allow":["GET"]}}],"collection":[{"href":"https:\/\/moeve-schmelz.de\/index.php?rest_route=\/wp\/v2\/pages"}],"about":[{"href":"https:\/\/moeve-schmelz.de\/index.php?rest_route=\/wp\/v2\/types\/page"}],"author":[{"embeddable":true,"href":"https:\/\/moeve-schmelz.de\/index.php?rest_route=\/wp\/v2\/users\/1"}],"replies":[{"embeddable":true,"href":"https:\/\/moeve-schmelz.de\/index.php?rest_route=%2Fwp%2Fv2%2Fcomments&post=14"}],"version-history":[{"count":17,"href":"https:\/\/moeve-schmelz.de\/index.php?rest_route=\/wp\/v2\/pages\/14\/revisions"}],"predecessor-version":[{"id":686,"href":"https:\/\/moeve-schmelz.de\/index.php?rest_route=\/wp\/v2\/pages\/14\/revisions\/686"}],"wp:attachment":[{"href":"https:\/\/moeve-schmelz.de\/index.php?rest_route=%2Fwp%2Fv2%2Fmedia&parent=14"}],"curies":[{"name":"wp","href":"https:\/\/api.w.org\/{rel}","templated":true}]}}