{"id":26,"date":"2007-12-01T11:04:54","date_gmt":"2007-12-01T09:04:54","guid":{"rendered":"http:\/\/moeve-schmelz.de\/?page_id=26"},"modified":"2026-03-25T15:00:16","modified_gmt":"2026-03-25T14:00:16","slug":"kontakt","status":"publish","type":"page","link":"https:\/\/moeve-schmelz.de\/?page_id=26","title":{"rendered":"KONTAKT"},"content":{"rendered":"<h1><span style=\"font-size: x-large;\"><strong>So erreichen Sie uns:<\/strong><\/span><\/h1>\n\n<div class=\"wpcf7 no-js\" id=\"wpcf7-f2768-o1\" lang=\"de-DE\" dir=\"ltr\" data-wpcf7-id=\"2768\">\n<div class=\"screen-reader-response\"><p role=\"status\" aria-live=\"polite\" aria-atomic=\"true\"><\/p> <ul><\/ul><\/div>\n<form action=\"\/index.php?rest_route=%2Fwp%2Fv2%2Fpages%2F26#wpcf7-f2768-o1\" method=\"post\" class=\"wpcf7-form init\" aria-label=\"Kontaktformular\" novalidate=\"novalidate\" data-status=\"init\">\n<fieldset class=\"hidden-fields-container\"><input type=\"hidden\" name=\"_wpcf7\" value=\"2768\" \/><input type=\"hidden\" name=\"_wpcf7_version\" value=\"6.1.5\" \/><input type=\"hidden\" name=\"_wpcf7_locale\" value=\"de_DE\" \/><input type=\"hidden\" name=\"_wpcf7_unit_tag\" value=\"wpcf7-f2768-o1\" \/><input type=\"hidden\" name=\"_wpcf7_container_post\" value=\"0\" \/><input type=\"hidden\" name=\"_wpcf7_posted_data_hash\" value=\"\" \/>\n<\/fieldset>\n<p>Ihr Name (Pflichtfeld)\n<\/p>\n<p><span class=\"wpcf7-form-control-wrap\" data-name=\"your-name\"><input size=\"40\" maxlength=\"400\" class=\"wpcf7-form-control wpcf7-text wpcf7-validates-as-required\" aria-required=\"true\" aria-invalid=\"false\" value=\"\" type=\"text\" name=\"your-name\" \/><\/span>\n<\/p>\n<p>Ihre E-Mail-Adresse (Pflichtfeld)\n<\/p>\n<p><span class=\"wpcf7-form-control-wrap\" data-name=\"your-email\"><input size=\"40\" maxlength=\"400\" class=\"wpcf7-form-control wpcf7-email wpcf7-validates-as-required wpcf7-text wpcf7-validates-as-email\" aria-required=\"true\" aria-invalid=\"false\" value=\"\" type=\"email\" name=\"your-email\" \/><\/span>\n<\/p>\n<p>Betreff\n<\/p>\n<p><span class=\"wpcf7-form-control-wrap\" data-name=\"your-subject\"><input size=\"40\" maxlength=\"400\" class=\"wpcf7-form-control wpcf7-text\" aria-invalid=\"false\" value=\"\" type=\"text\" name=\"your-subject\" \/><\/span>\n<\/p>\n<p>Ihre Nachricht\n<\/p>\n<p><span class=\"wpcf7-form-control-wrap\" data-name=\"your-message\"><textarea cols=\"40\" rows=\"10\" maxlength=\"2000\" class=\"wpcf7-form-control wpcf7-textarea\" aria-invalid=\"false\" name=\"your-message\"><\/textarea><\/span>\n<\/p>\n<p><span class=\"wpcf7-form-control-wrap\" data-name=\"checkbox-699\"><span class=\"wpcf7-form-control wpcf7-checkbox wpcf7-validates-as-required wpcf7-exclusive-checkbox\"><span class=\"wpcf7-list-item first last\"><label><span class=\"wpcf7-list-item-label\">Ich stimme zu, dass meine Angaben aus dem Kontaktformular zur Beantwortung meiner Anfrage erhoben und verarbeitet werden. Die Daten werden nach abgeschlossener Bearbeitung Ihrer Anfrage gel\u00f6scht. Hinweis: Sie k\u00f6nnen Ihre Einwilligung jederzeit f\u00fcr die Zukunft per E-Mail an info@moeve-schmelz.de widerrufen. Detaillierte Informationen zum Umgang mit Nutzerdaten finden Sie in unserer Datenschutzerkl\u00e4rung.<\/span><input type=\"checkbox\" name=\"checkbox-699\" value=\"Ich stimme zu, dass meine Angaben aus dem Kontaktformular zur Beantwortung meiner Anfrage erhoben und verarbeitet werden. Die Daten werden nach abgeschlossener Bearbeitung Ihrer Anfrage gel\u00f6scht. Hinweis: Sie k\u00f6nnen Ihre Einwilligung jederzeit f\u00fcr die Zukunft per E-Mail an info@moeve-schmelz.de widerrufen. Detaillierte Informationen zum Umgang mit Nutzerdaten finden Sie in unserer Datenschutzerkl\u00e4rung.\" \/><\/label><\/span><\/span><\/span>\n<\/p>\n<p><input class=\"wpcf7-form-control wpcf7-submit has-spinner\" type=\"submit\" value=\"Senden\" \/>\n<\/p><div class=\"wpcf7-response-output\" aria-hidden=\"true\"><\/div>\n<\/form>\n<\/div>\n\n<p><strong>Irsch, Benjamin<\/strong> (1. Vorsitzender)<br \/>\nPostanschrift:<br \/>\nBauerstr. 17,\u00a066839 Schmelz<br \/>\nTelefon: (0)6887-9000741<br \/>\n<a href=\"mailto:benny@moeve-schmelz.de\">direkter Kontakt an uns per E-Mail<\/a><\/p>\n<p><strong>Kipping, Marco<\/strong>\u00a0(2. Vorsitzender)<br \/>\nPostanschrift:<br \/>\nTalstr. 37,\u00a066557 H\u00fcttigweiler<br \/>\nTelefon: (0)6825-497117<br \/>\n<a href=\"mailto:marco@moeve-schmelz.de\">direkter Kontakt an uns per E-Mail<\/a><\/p>\n<p><strong>G\u00f6rgen, Josef<\/strong>\u00a0(Kassenwart)<br \/>\nPostanschrift:<br \/>\nIm K\u00f6llenbruch 10,\u00a066709 Weiskirchen<br \/>\nTelefon: (0)6876-7321<br \/>\n<a href=\"mailto:josef.goergen@icloud.com\">direkter Kontakt an uns per E-Mail<\/a><\/p>\n<p><strong>Irsch, Hanna<\/strong> (Jugendleiterin)<br \/>\nPostanschrift:<br \/>\nBauerstr. 17,\u00a066839 Schmelz<br \/>\nTelefon: (0)6887-9000741<br \/>\n<a href=\"mailto:benny@moeve-schmelz.de\">direkter Kontakt an uns per E-Mail<\/a><\/p>\n<p><strong>Metzinger, Werner<\/strong>\u00a0( Fachwart RTF)<br \/>\nPostanschrift:<br \/>\nRoschberg 11,\u00a066839 Schmelz<br \/>\nTelefon: (0)6887-4881<br \/>\n<a href=\"mailto:werner@moeve-schmelz.de\">direkter Kontakt an uns per E-Mail<\/a><\/p>\n<p><strong>Kipping, Tino<\/strong>\u00a0(Fachwart Rennsport)<br \/>\nPostanschrift:<br \/>\nKrappelroth 9, 66839 Schmelz<br \/>\nTelefon: (0)6887-9124559<br \/>\n<a href=\"mailto:tino.kipping@web.de\">direkter Kontakt an uns per E-Mail<\/a><\/p>\n<p><b>Kirsch Thomas <\/b>(Teamleiter Einsatzplanung)<br \/>\nPostanschrift:<br \/>\nAuf der Schlicht 52, 66839 Schmelz<br \/>\nTelefon: (0)6887-8940754<br \/>\n<a href=\"mailto:kirschthomas@yahoo.de\">direkter Kontakt an uns per E-Mail<\/a><\/p>\n<p><b>Irsch Silvia <\/b>(\u00d6ffentlichkeitsarbeit)<br \/>\nPostanschrift:<br \/>\nBauerstr. 17,\u00a066839 Schmelz<br \/>\nTelefon: (0)6887-9000741<br \/>\n<a href=\"mailto:silvia.irsch@gmx.de\">direkter Kontakt an uns per E-Mail<\/a><\/p>\n<p><strong>Thome, Stefan<\/strong>\u00a0( Fachwart E-Bike)<br \/>\nPostanschrift:<br \/>\nAuf dem Kl\u00f6pfchen 6, 66679 Wahlen<br \/>\nTelefon: (0)6872-993290<br \/>\n<a href=\"mailto:stefan@moeve-schmelz.de\">direkter Kontakt an uns per E-Mail<\/a><\/p>\n<h1><strong>Betrittserkl\u00e4rung:<\/strong><\/h1>\n<p>Word Datei:\u00a0<a href=\"http:\/\/moeve-schmelz.de\/wp-content\/uploads\/2014\/02\/Beitrittserklaerung.doc\">Beitrittserklaerung<\/a><\/p>\n<p>PDF Datei:\u00a0<a href=\"http:\/\/moeve-schmelz.de\/wp-content\/uploads\/2014\/02\/Beitrittserklaerung.pdf\">Beitrittserklaerung<\/a><\/p>\n","protected":false},"excerpt":{"rendered":"<p>So erreichen Sie uns: Irsch, Benjamin (1. Vorsitzender) Postanschrift: Bauerstr. 17,\u00a066839 Schmelz Telefon: (0)6887-9000741 direkter Kontakt an uns per E-Mail Kipping, Marco\u00a0(2. Vorsitzender) Postanschrift: Talstr. 37,\u00a066557 H\u00fcttigweiler Telefon: (0)6825-497117 direkter Kontakt an uns per E-Mail G\u00f6rgen, Josef\u00a0(Kassenwart) Postanschrift: Im K\u00f6llenbruch &hellip; <a href=\"https:\/\/moeve-schmelz.de\/?page_id=26\">Weiterlesen <span class=\"meta-nav\">&rarr;<\/span><\/a><\/p>\n","protected":false},"author":1,"featured_media":0,"parent":0,"menu_order":12,"comment_status":"closed","ping_status":"closed","template":"","meta":{"footnotes":""},"class_list":["post-26","page","type-page","status-publish","hentry"],"_links":{"self":[{"href":"https:\/\/moeve-schmelz.de\/index.php?rest_route=\/wp\/v2\/pages\/26","targetHints":{"allow":["GET"]}}],"collection":[{"href":"https:\/\/moeve-schmelz.de\/index.php?rest_route=\/wp\/v2\/pages"}],"about":[{"href":"https:\/\/moeve-schmelz.de\/index.php?rest_route=\/wp\/v2\/types\/page"}],"author":[{"embeddable":true,"href":"https:\/\/moeve-schmelz.de\/index.php?rest_route=\/wp\/v2\/users\/1"}],"replies":[{"embeddable":true,"href":"https:\/\/moeve-schmelz.de\/index.php?rest_route=%2Fwp%2Fv2%2Fcomments&post=26"}],"version-history":[{"count":47,"href":"https:\/\/moeve-schmelz.de\/index.php?rest_route=\/wp\/v2\/pages\/26\/revisions"}],"predecessor-version":[{"id":3957,"href":"https:\/\/moeve-schmelz.de\/index.php?rest_route=\/wp\/v2\/pages\/26\/revisions\/3957"}],"wp:attachment":[{"href":"https:\/\/moeve-schmelz.de\/index.php?rest_route=%2Fwp%2Fv2%2Fmedia&parent=26"}],"curies":[{"name":"wp","href":"https:\/\/api.w.org\/{rel}","templated":true}]}}