{"id":3807,"date":"2025-03-08T07:38:58","date_gmt":"2025-03-08T06:38:58","guid":{"rendered":"https:\/\/moeve-schmelz.de\/?page_id=3807"},"modified":"2026-02-17T18:02:07","modified_gmt":"2026-02-17T17:02:07","slug":"fahrradboerse","status":"publish","type":"page","link":"https:\/\/moeve-schmelz.de\/?page_id=3807","title":{"rendered":"FAHRRADB\u00d6RSE 2026"},"content":{"rendered":"\n<p>Hallo, <\/p>\n\n\n\n<p>Du m\u00f6chtest bei der Schmelzer Fahrradb\u00f6rse am 21.03.2026 ein Fahrrad oder Zubeh\u00f6rteil zu Verkauf anbieten? Infos zur Schmelzer Fahrradb\u00f6rse findest Du <a href=\"https:\/\/www.schmelz.de\/freizeit-tourismus\/veranstaltungskalender\/details?tx_news_pi1%5Baction%5D=detail&amp;tx_news_pi1%5Bcontroller%5D=News&amp;tx_news_pi1%5Bnews%5D=5051&amp;cHash=df984e516622f648fb2c979fd7893b99\">hier<\/a><\/p>\n\n\n\n<h2 class=\"wp-block-heading\"><a href=\"https:\/\/moeve-schmelz.de\/?page_id=3814\">RADVERKAUF<\/a><\/h2>\n\n\n\n<h2 class=\"wp-block-heading\"><a href=\"https:\/\/moeve-schmelz.de\/?page_id=3816\">TEILEVERKAUF<\/a><\/h2>\n\n\n\n<p><\/p>\n","protected":false},"excerpt":{"rendered":"<p>Hallo, Du m\u00f6chtest bei der Schmelzer Fahrradb\u00f6rse am 21.03.2026 ein Fahrrad oder Zubeh\u00f6rteil zu Verkauf anbieten? Infos zur Schmelzer Fahrradb\u00f6rse findest Du hier RADVERKAUF TEILEVERKAUF<\/p>\n","protected":false},"author":2,"featured_media":0,"parent":0,"menu_order":16,"comment_status":"closed","ping_status":"closed","template":"","meta":{"footnotes":""},"class_list":["post-3807","page","type-page","status-publish","hentry"],"_links":{"self":[{"href":"https:\/\/moeve-schmelz.de\/index.php?rest_route=\/wp\/v2\/pages\/3807","targetHints":{"allow":["GET"]}}],"collection":[{"href":"https:\/\/moeve-schmelz.de\/index.php?rest_route=\/wp\/v2\/pages"}],"about":[{"href":"https:\/\/moeve-schmelz.de\/index.php?rest_route=\/wp\/v2\/types\/page"}],"author":[{"embeddable":true,"href":"https:\/\/moeve-schmelz.de\/index.php?rest_route=\/wp\/v2\/users\/2"}],"replies":[{"embeddable":true,"href":"https:\/\/moeve-schmelz.de\/index.php?rest_route=%2Fwp%2Fv2%2Fcomments&post=3807"}],"version-history":[{"count":17,"href":"https:\/\/moeve-schmelz.de\/index.php?rest_route=\/wp\/v2\/pages\/3807\/revisions"}],"predecessor-version":[{"id":3929,"href":"https:\/\/moeve-schmelz.de\/index.php?rest_route=\/wp\/v2\/pages\/3807\/revisions\/3929"}],"wp:attachment":[{"href":"https:\/\/moeve-schmelz.de\/index.php?rest_route=%2Fwp%2Fv2%2Fmedia&parent=3807"}],"curies":[{"name":"wp","href":"https:\/\/api.w.org\/{rel}","templated":true}]}}